{"id":59675,"date":"2024-09-15T12:22:22","date_gmt":"2024-09-15T10:22:22","guid":{"rendered":"https:\/\/sunroof.se\/pl\/?page_id=59675"},"modified":"2024-12-06T16:09:38","modified_gmt":"2024-12-06T15:09:38","slug":"job","status":"publish","type":"page","link":"https:\/\/sunroof.se\/pl\/job\/","title":{"rendered":"Kariera &#8211; job"},"content":{"rendered":"<!--themify_builder_content-->\n<div id=\"themify_builder_content-59675\" data-postid=\"59675\" class=\"themify_builder_content themify_builder_content-59675 themify_builder tf_clear\">\n                    <div  data-lazy=\"1\" class=\"module_row themify_builder_row tb_abp1817 tb_first tf_w\">\n                        <div class=\"row_inner col_align_top tb_col_count_1 tf_box tf_rel\">\n                        <div  data-lazy=\"1\" class=\"module_column tb-column col-full tb_ibid817 first\">\n                    <!-- module text -->\n<div  class=\"module module-text tb_aufe817   \" data-lazy=\"1\">\n        <div  class=\"tb_text_wrap\">\n        <div class=\"gb-container gb-container-2b08408c alignfull\">\n<div class=\"gb-container gb-container-690db439\">\n<div class=\"gb-container gb-container-2b37522a\">\n<div class=\"gb-container gb-container-7f8fd74b\">\n<div class=\"gb-container gb-container-6357d5f0\">\n<h1 class=\"gb-container gb-container-04a23e41 alignfull\">Kariera<\/h1>\n<\/div>\n<\/div>\n<\/div>\n<\/div>\n<\/div>    <\/div>\n<\/div>\n<!-- \/module text -->        <\/div>\n                        <\/div>\n        <\/div>\n                        <div  data-lazy=\"1\" class=\"module_row themify_builder_row tb_r37m535 tf_w\">\n                        <div class=\"row_inner col_align_top tb_col_count_2 tf_box tf_rel\">\n                        <div  data-lazy=\"1\" class=\"module_column tb-column col4-2 tb_czpm535 first\">\n                    <!-- module plain text -->\n<div  class=\"module module-plain-text tb_7hr5166 \" data-lazy=\"1\">\n        <div class=\"tb_text_wrap\">\n    \n    \n    \n        <\/div>\n<\/div>\n<!-- \/module plain text -->        <\/div>\n                    <div  data-lazy=\"1\" class=\"module_column tb-column col4-2 tb_1d7h535 last\">\n                    <!-- module plain text -->\n<div  class=\"module module-plain-text tb_skk0560 \" data-lazy=\"1\">\n        <div class=\"tb_text_wrap\">\n    \n    \n    \n        <\/div>\n<\/div>\n<!-- \/module plain text -->        <\/div>\n                        <\/div>\n        <\/div>\n        <\/div>\n<!--\/themify_builder_content-->","protected":false},"excerpt":{"rendered":"<p>Kariera<\/p>\n","protected":false},"author":2,"featured_media":0,"parent":0,"menu_order":0,"comment_status":"closed","ping_status":"closed","template":"","meta":{"_acf_changed":false,"inline_featured_image":false,"footnotes":""},"acf":[],"yoast_head":"<!-- This site is optimized with the Yoast SEO plugin v24.0 - https:\/\/yoast.com\/wordpress\/plugins\/seo\/ -->\n<title>Kariera - job - Polska<\/title>\n<meta name=\"description\" content=\"Kariera w SunRoof \u2013 Do\u0142\u0105cz do naszego zespo\u0142u!\" \/>\n<meta name=\"robots\" content=\"index, follow, max-snippet:-1, max-image-preview:large, max-video-preview:-1\" \/>\n<link rel=\"canonical\" href=\"https:\/\/sunroof.se\/pl\/job\/\" \/>\n<meta property=\"og:locale\" content=\"pl_PL\" \/>\n<meta property=\"og:type\" content=\"article\" \/>\n<meta property=\"og:title\" content=\"Kariera - job - Polska\" \/>\n<meta property=\"og:description\" content=\"Kariera w SunRoof \u2013 Do\u0142\u0105cz do naszego zespo\u0142u!\" \/>\n<meta property=\"og:url\" content=\"https:\/\/sunroof.se\/pl\/job\/\" \/>\n<meta property=\"og:site_name\" content=\"Polska\" \/>\n<meta property=\"article:modified_time\" content=\"2024-12-06T15:09:38+00:00\" \/>\n<meta name=\"twitter:card\" content=\"summary_large_image\" \/>\n<meta name=\"twitter:label1\" content=\"Szacowany czas czytania\" \/>\n\t<meta name=\"twitter:data1\" content=\"1 minuta\" \/>\n<script type=\"application\/ld+json\" class=\"yoast-schema-graph\">{\"@context\":\"https:\/\/schema.org\",\"@graph\":[{\"@type\":\"WebPage\",\"@id\":\"https:\/\/sunroof.se\/pl\/job\/\",\"url\":\"https:\/\/sunroof.se\/pl\/job\/\",\"name\":\"Kariera - job - Polska\",\"isPartOf\":{\"@id\":\"https:\/\/sunroof.se\/pl\/#website\"},\"datePublished\":\"2024-09-15T10:22:22+00:00\",\"dateModified\":\"2024-12-06T15:09:38+00:00\",\"description\":\"Kariera w SunRoof \u2013 Do\u0142\u0105cz do naszego zespo\u0142u!\",\"breadcrumb\":{\"@id\":\"https:\/\/sunroof.se\/pl\/job\/#breadcrumb\"},\"inLanguage\":\"pl-PL\",\"potentialAction\":[{\"@type\":\"ReadAction\",\"target\":[\"https:\/\/sunroof.se\/pl\/job\/\"]}]},{\"@type\":\"BreadcrumbList\",\"@id\":\"https:\/\/sunroof.se\/pl\/job\/#breadcrumb\",\"itemListElement\":[{\"@type\":\"ListItem\",\"position\":1,\"name\":\"Strona g\u0142\u00f3wna\",\"item\":\"https:\/\/sunroof.se\/pl\/\"},{\"@type\":\"ListItem\",\"position\":2,\"name\":\"Kariera &#8211; job\"}]},{\"@type\":\"WebSite\",\"@id\":\"https:\/\/sunroof.se\/pl\/#website\",\"url\":\"https:\/\/sunroof.se\/pl\/\",\"name\":\"Polska\",\"description\":\"\",\"potentialAction\":[{\"@type\":\"SearchAction\",\"target\":{\"@type\":\"EntryPoint\",\"urlTemplate\":\"https:\/\/sunroof.se\/pl\/?s={search_term_string}\"},\"query-input\":{\"@type\":\"PropertyValueSpecification\",\"valueRequired\":true,\"valueName\":\"search_term_string\"}}],\"inLanguage\":\"pl-PL\"}]}<\/script>\n<!-- \/ Yoast SEO plugin. -->","yoast_head_json":{"title":"Kariera - job - Polska","description":"Kariera w SunRoof \u2013 Do\u0142\u0105cz do naszego zespo\u0142u!","robots":{"index":"index","follow":"follow","max-snippet":"max-snippet:-1","max-image-preview":"max-image-preview:large","max-video-preview":"max-video-preview:-1"},"canonical":"https:\/\/sunroof.se\/pl\/job\/","og_locale":"pl_PL","og_type":"article","og_title":"Kariera - job - Polska","og_description":"Kariera w SunRoof \u2013 Do\u0142\u0105cz do naszego zespo\u0142u!","og_url":"https:\/\/sunroof.se\/pl\/job\/","og_site_name":"Polska","article_modified_time":"2024-12-06T15:09:38+00:00","twitter_card":"summary_large_image","twitter_misc":{"Szacowany czas czytania":"1 minuta"},"schema":{"@context":"https:\/\/schema.org","@graph":[{"@type":"WebPage","@id":"https:\/\/sunroof.se\/pl\/job\/","url":"https:\/\/sunroof.se\/pl\/job\/","name":"Kariera - job - Polska","isPartOf":{"@id":"https:\/\/sunroof.se\/pl\/#website"},"datePublished":"2024-09-15T10:22:22+00:00","dateModified":"2024-12-06T15:09:38+00:00","description":"Kariera w SunRoof \u2013 Do\u0142\u0105cz do naszego zespo\u0142u!","breadcrumb":{"@id":"https:\/\/sunroof.se\/pl\/job\/#breadcrumb"},"inLanguage":"pl-PL","potentialAction":[{"@type":"ReadAction","target":["https:\/\/sunroof.se\/pl\/job\/"]}]},{"@type":"BreadcrumbList","@id":"https:\/\/sunroof.se\/pl\/job\/#breadcrumb","itemListElement":[{"@type":"ListItem","position":1,"name":"Strona g\u0142\u00f3wna","item":"https:\/\/sunroof.se\/pl\/"},{"@type":"ListItem","position":2,"name":"Kariera &#8211; job"}]},{"@type":"WebSite","@id":"https:\/\/sunroof.se\/pl\/#website","url":"https:\/\/sunroof.se\/pl\/","name":"Polska","description":"","potentialAction":[{"@type":"SearchAction","target":{"@type":"EntryPoint","urlTemplate":"https:\/\/sunroof.se\/pl\/?s={search_term_string}"},"query-input":{"@type":"PropertyValueSpecification","valueRequired":true,"valueName":"search_term_string"}}],"inLanguage":"pl-PL"}]}},"builder_content":"<h1>Kariera<\/h1>\n[career_offer left=\"true\"]\n[career_offer right=\"true\"]","_links":{"self":[{"href":"https:\/\/sunroof.se\/pl\/wp-json\/wp\/v2\/pages\/59675"}],"collection":[{"href":"https:\/\/sunroof.se\/pl\/wp-json\/wp\/v2\/pages"}],"about":[{"href":"https:\/\/sunroof.se\/pl\/wp-json\/wp\/v2\/types\/page"}],"author":[{"embeddable":true,"href":"https:\/\/sunroof.se\/pl\/wp-json\/wp\/v2\/users\/2"}],"replies":[{"embeddable":true,"href":"https:\/\/sunroof.se\/pl\/wp-json\/wp\/v2\/comments?post=59675"}],"version-history":[{"count":22,"href":"https:\/\/sunroof.se\/pl\/wp-json\/wp\/v2\/pages\/59675\/revisions"}],"predecessor-version":[{"id":59865,"href":"https:\/\/sunroof.se\/pl\/wp-json\/wp\/v2\/pages\/59675\/revisions\/59865"}],"wp:attachment":[{"href":"https:\/\/sunroof.se\/pl\/wp-json\/wp\/v2\/media?parent=59675"}],"curies":[{"name":"wp","href":"https:\/\/api.w.org\/{rel}","templated":true}]}}